{"id":878,"date":"2022-05-08T14:07:47","date_gmt":"2022-05-08T14:07:47","guid":{"rendered":"https:\/\/talenthouse.daveandlucas.com\/?page_id=878"},"modified":"2025-01-06T17:24:07","modified_gmt":"2025-01-06T17:24:07","slug":"hip-hop","status":"publish","type":"page","link":"https:\/\/talenthouse.hr\/index.php\/hip-hop\/","title":{"rendered":"HIP HOP"},"content":{"rendered":"\n<p><span style=\"color: var(--theme-palette-color-8, #000000);\" class=\"stk-highlight\">Hip-hop je plesni stil temeljen na freestyle(slobodnim) pokretima s tehnikama koje potje\u010du iz dru\u0161tvenih plesova i drugih utjecaja Hip-Hop glazbe i kulture. Hip-hop, kao i ve\u0107ina umjetnosti i plesova, mo\u017ee se razlikovati od plesa\u010da do plesa\u010da. Osobna interpretacija pokreta i glazbe ono je \u0161to daje vrhunski do\u017eivljaj. Veoma zabavan, dinamican s\u00a0energi\u010dnim i skakutavim pokretima namjenjen za cure i decke svih uzrasta. Hip-Hop ima niz razlicitih tehnika i podstilova koje se pojavljuju u ovom ekspresivnom plesnom stilu.<\/span><\/p>\n\n\n\n<p><\/p>\n","protected":false},"excerpt":{"rendered":"<p>Hip-hop je plesni stil temeljen na freestyle(slobodnim) pokretima s tehnikama koje potje\u010du iz dru\u0161tvenih plesova i drugih utjecaja Hip-Hop glazbe i kulture. Hip-hop, kao i ve\u0107ina umjetnosti i plesova, mo\u017ee se razlikovati od plesa\u010da do plesa\u010da. Osobna interpretacija pokreta i glazbe ono je \u0161to daje vrhunski do\u017eivljaj. Veoma zabavan, dinamican s\u00a0energi\u010dnim i skakutavim pokretima namjenjen [&hellip;]<\/p>\n","protected":false},"author":1,"featured_media":0,"parent":0,"menu_order":0,"comment_status":"closed","ping_status":"closed","template":"","meta":{"footnotes":""},"class_list":["post-878","page","type-page","status-publish","hentry"],"blocksy_meta":{"styles_descriptor":{"styles":{"desktop":"","tablet":"","mobile":""},"google_fonts":[],"version":6}},"featured_image_urls_v2":{"full":"","thumbnail":"","medium":"","medium_large":"","large":"","1536x1536":"","2048x2048":"","woocommerce_archive_thumbnail":"","woocommerce_thumbnail":"","woocommerce_single":"","woocommerce_gallery_thumbnail":""},"post_excerpt_stackable_v2":"<p>Hip-hop je plesni stil temeljen na freestyle(slobodnim) pokretima s tehnikama koje potje\u010du iz dru\u0161tvenih plesova i drugih utjecaja Hip-Hop glazbe i kulture. Hip-hop, kao i ve\u0107ina umjetnosti i plesova, mo\u017ee se razlikovati od plesa\u010da do plesa\u010da. Osobna interpretacija pokreta i glazbe ono je \u0161to daje vrhunski do\u017eivljaj. Veoma zabavan, dinamican s\u00a0energi\u010dnim i skakutavim pokretima namjenjen za cure i decke svih uzrasta. Hip-Hop ima niz razlicitih tehnika i podstilova koje se pojavljuju u ovom ekspresivnom plesnom stilu.<\/p>\n","category_list_v2":"","author_info_v2":{"name":"admin","url":"https:\/\/talenthouse.hr\/index.php\/author\/davidcavarlacic\/"},"comments_num_v2":"0 comments","yoast_head":"<!-- This site is optimized with the Yoast SEO plugin v27.3 - https:\/\/yoast.com\/product\/yoast-seo-wordpress\/ -->\n<title>HIP HOP - Talenthouse<\/title>\n<meta name=\"robots\" content=\"index, follow, max-snippet:-1, max-image-preview:large, max-video-preview:-1\" \/>\n<link rel=\"canonical\" href=\"https:\/\/talenthouse.hr\/index.php\/hip-hop\/\" \/>\n<meta property=\"og:locale\" content=\"hr_HR\" \/>\n<meta property=\"og:type\" content=\"article\" \/>\n<meta property=\"og:title\" content=\"HIP HOP - Talenthouse\" \/>\n<meta property=\"og:description\" content=\"Hip-hop je plesni stil temeljen na freestyle(slobodnim) pokretima s tehnikama koje potje\u010du iz dru\u0161tvenih plesova i drugih utjecaja Hip-Hop glazbe i kulture. Hip-hop, kao i ve\u0107ina umjetnosti i plesova, mo\u017ee se razlikovati od plesa\u010da do plesa\u010da. Osobna interpretacija pokreta i glazbe ono je \u0161to daje vrhunski do\u017eivljaj. Veoma zabavan, dinamican s\u00a0energi\u010dnim i skakutavim pokretima namjenjen [&hellip;]\" \/>\n<meta property=\"og:url\" content=\"https:\/\/talenthouse.hr\/index.php\/hip-hop\/\" \/>\n<meta property=\"og:site_name\" content=\"Talenthouse\" \/>\n<meta property=\"article:publisher\" content=\"https:\/\/www.facebook.com\/TalentHouse.HRV\/?locale=hr_HR\" \/>\n<meta property=\"article:modified_time\" content=\"2025-01-06T17:24:07+00:00\" \/>\n<meta name=\"twitter:card\" content=\"summary_large_image\" \/>\n<meta name=\"twitter:label1\" content=\"Procijenjeno vrijeme \u010ditanja\" \/>\n\t<meta name=\"twitter:data1\" content=\"1 minuta\" \/>\n<script type=\"application\/ld+json\" class=\"yoast-schema-graph\">{\"@context\":\"https:\\\/\\\/schema.org\",\"@graph\":[{\"@type\":\"WebPage\",\"@id\":\"https:\\\/\\\/talenthouse.hr\\\/index.php\\\/hip-hop\\\/\",\"url\":\"https:\\\/\\\/talenthouse.hr\\\/index.php\\\/hip-hop\\\/\",\"name\":\"HIP HOP - Talenthouse\",\"isPartOf\":{\"@id\":\"https:\\\/\\\/talenthouse.hr\\\/#website\"},\"datePublished\":\"2022-05-08T14:07:47+00:00\",\"dateModified\":\"2025-01-06T17:24:07+00:00\",\"breadcrumb\":{\"@id\":\"https:\\\/\\\/talenthouse.hr\\\/index.php\\\/hip-hop\\\/#breadcrumb\"},\"inLanguage\":\"hr\",\"potentialAction\":[{\"@type\":\"ReadAction\",\"target\":[\"https:\\\/\\\/talenthouse.hr\\\/index.php\\\/hip-hop\\\/\"]}]},{\"@type\":\"BreadcrumbList\",\"@id\":\"https:\\\/\\\/talenthouse.hr\\\/index.php\\\/hip-hop\\\/#breadcrumb\",\"itemListElement\":[{\"@type\":\"ListItem\",\"position\":1,\"name\":\"Home\",\"item\":\"https:\\\/\\\/talenthouse.hr\\\/\"},{\"@type\":\"ListItem\",\"position\":2,\"name\":\"HIP HOP\"}]},{\"@type\":\"WebSite\",\"@id\":\"https:\\\/\\\/talenthouse.hr\\\/#website\",\"url\":\"https:\\\/\\\/talenthouse.hr\\\/\",\"name\":\"Talenthouse.hr\",\"description\":\"Tvoj talent, tvoja strast, tvoja plesna budu\u0107nost.\",\"publisher\":{\"@id\":\"https:\\\/\\\/talenthouse.hr\\\/#organization\"},\"potentialAction\":[{\"@type\":\"SearchAction\",\"target\":{\"@type\":\"EntryPoint\",\"urlTemplate\":\"https:\\\/\\\/talenthouse.hr\\\/?s={search_term_string}\"},\"query-input\":{\"@type\":\"PropertyValueSpecification\",\"valueRequired\":true,\"valueName\":\"search_term_string\"}}],\"inLanguage\":\"hr\"},{\"@type\":\"Organization\",\"@id\":\"https:\\\/\\\/talenthouse.hr\\\/#organization\",\"name\":\"Talenthouse d.o.o\",\"url\":\"https:\\\/\\\/talenthouse.hr\\\/\",\"logo\":{\"@type\":\"ImageObject\",\"inLanguage\":\"hr\",\"@id\":\"https:\\\/\\\/talenthouse.hr\\\/#\\\/schema\\\/logo\\\/image\\\/\",\"url\":\"https:\\\/\\\/talenthouse.hr\\\/wp-content\\\/uploads\\\/2026\\\/02\\\/h.png\",\"contentUrl\":\"https:\\\/\\\/talenthouse.hr\\\/wp-content\\\/uploads\\\/2026\\\/02\\\/h.png\",\"width\":1080,\"height\":1080,\"caption\":\"Talenthouse d.o.o\"},\"image\":{\"@id\":\"https:\\\/\\\/talenthouse.hr\\\/#\\\/schema\\\/logo\\\/image\\\/\"},\"sameAs\":[\"https:\\\/\\\/www.facebook.com\\\/TalentHouse.HRV\\\/?locale=hr_HR\",\"https:\\\/\\\/www.instagram.com\\\/talenthouse.hr\\\/\"]}]}<\/script>\n<!-- \/ Yoast SEO plugin. -->","yoast_head_json":{"title":"HIP HOP - Talenthouse","robots":{"index":"index","follow":"follow","max-snippet":"max-snippet:-1","max-image-preview":"max-image-preview:large","max-video-preview":"max-video-preview:-1"},"canonical":"https:\/\/talenthouse.hr\/index.php\/hip-hop\/","og_locale":"hr_HR","og_type":"article","og_title":"HIP HOP - Talenthouse","og_description":"Hip-hop je plesni stil temeljen na freestyle(slobodnim) pokretima s tehnikama koje potje\u010du iz dru\u0161tvenih plesova i drugih utjecaja Hip-Hop glazbe i kulture. Hip-hop, kao i ve\u0107ina umjetnosti i plesova, mo\u017ee se razlikovati od plesa\u010da do plesa\u010da. Osobna interpretacija pokreta i glazbe ono je \u0161to daje vrhunski do\u017eivljaj. Veoma zabavan, dinamican s\u00a0energi\u010dnim i skakutavim pokretima namjenjen [&hellip;]","og_url":"https:\/\/talenthouse.hr\/index.php\/hip-hop\/","og_site_name":"Talenthouse","article_publisher":"https:\/\/www.facebook.com\/TalentHouse.HRV\/?locale=hr_HR","article_modified_time":"2025-01-06T17:24:07+00:00","twitter_card":"summary_large_image","twitter_misc":{"Procijenjeno vrijeme \u010ditanja":"1 minuta"},"schema":{"@context":"https:\/\/schema.org","@graph":[{"@type":"WebPage","@id":"https:\/\/talenthouse.hr\/index.php\/hip-hop\/","url":"https:\/\/talenthouse.hr\/index.php\/hip-hop\/","name":"HIP HOP - Talenthouse","isPartOf":{"@id":"https:\/\/talenthouse.hr\/#website"},"datePublished":"2022-05-08T14:07:47+00:00","dateModified":"2025-01-06T17:24:07+00:00","breadcrumb":{"@id":"https:\/\/talenthouse.hr\/index.php\/hip-hop\/#breadcrumb"},"inLanguage":"hr","potentialAction":[{"@type":"ReadAction","target":["https:\/\/talenthouse.hr\/index.php\/hip-hop\/"]}]},{"@type":"BreadcrumbList","@id":"https:\/\/talenthouse.hr\/index.php\/hip-hop\/#breadcrumb","itemListElement":[{"@type":"ListItem","position":1,"name":"Home","item":"https:\/\/talenthouse.hr\/"},{"@type":"ListItem","position":2,"name":"HIP HOP"}]},{"@type":"WebSite","@id":"https:\/\/talenthouse.hr\/#website","url":"https:\/\/talenthouse.hr\/","name":"Talenthouse.hr","description":"Tvoj talent, tvoja strast, tvoja plesna budu\u0107nost.","publisher":{"@id":"https:\/\/talenthouse.hr\/#organization"},"potentialAction":[{"@type":"SearchAction","target":{"@type":"EntryPoint","urlTemplate":"https:\/\/talenthouse.hr\/?s={search_term_string}"},"query-input":{"@type":"PropertyValueSpecification","valueRequired":true,"valueName":"search_term_string"}}],"inLanguage":"hr"},{"@type":"Organization","@id":"https:\/\/talenthouse.hr\/#organization","name":"Talenthouse d.o.o","url":"https:\/\/talenthouse.hr\/","logo":{"@type":"ImageObject","inLanguage":"hr","@id":"https:\/\/talenthouse.hr\/#\/schema\/logo\/image\/","url":"https:\/\/talenthouse.hr\/wp-content\/uploads\/2026\/02\/h.png","contentUrl":"https:\/\/talenthouse.hr\/wp-content\/uploads\/2026\/02\/h.png","width":1080,"height":1080,"caption":"Talenthouse d.o.o"},"image":{"@id":"https:\/\/talenthouse.hr\/#\/schema\/logo\/image\/"},"sameAs":["https:\/\/www.facebook.com\/TalentHouse.HRV\/?locale=hr_HR","https:\/\/www.instagram.com\/talenthouse.hr\/"]}]}},"_links":{"self":[{"href":"https:\/\/talenthouse.hr\/index.php\/wp-json\/wp\/v2\/pages\/878","targetHints":{"allow":["GET"]}}],"collection":[{"href":"https:\/\/talenthouse.hr\/index.php\/wp-json\/wp\/v2\/pages"}],"about":[{"href":"https:\/\/talenthouse.hr\/index.php\/wp-json\/wp\/v2\/types\/page"}],"author":[{"embeddable":true,"href":"https:\/\/talenthouse.hr\/index.php\/wp-json\/wp\/v2\/users\/1"}],"replies":[{"embeddable":true,"href":"https:\/\/talenthouse.hr\/index.php\/wp-json\/wp\/v2\/comments?post=878"}],"version-history":[{"count":3,"href":"https:\/\/talenthouse.hr\/index.php\/wp-json\/wp\/v2\/pages\/878\/revisions"}],"predecessor-version":[{"id":1602,"href":"https:\/\/talenthouse.hr\/index.php\/wp-json\/wp\/v2\/pages\/878\/revisions\/1602"}],"wp:attachment":[{"href":"https:\/\/talenthouse.hr\/index.php\/wp-json\/wp\/v2\/media?parent=878"}],"curies":[{"name":"wp","href":"https:\/\/api.w.org\/{rel}","templated":true}]}}