{"id":885,"date":"2022-05-08T14:10:45","date_gmt":"2022-05-08T14:10:45","guid":{"rendered":"https:\/\/talenthouse.daveandlucas.com\/?page_id=885"},"modified":"2025-01-06T18:00:29","modified_gmt":"2025-01-06T18:00:29","slug":"break","status":"publish","type":"page","link":"https:\/\/talenthouse.hr\/index.php\/break\/","title":{"rendered":"BREAK"},"content":{"rendered":"\n<p><\/p>\n\n\n\n<p>BREAK (B-Boying, B-Girling) je dinami\u010dan stil uli\u010dnog plesa koji je nastao u New York-u, tijekom 1970-ih kao dio hip-hop kulture plesni stil Hip-Hop-a koji se sastoji od razli\u010ditih koraka, trikova, vje\u0161tina te gimnasti\u010darskih i atleti\u010darskih vje\u017ebi. Uklju\u010duje slo\u017eene pokrete nogama, sna\u017ene akrobacije i stilizirane poze, \u010desto izvedene uz breakbeat ritmove hip-hopa, funka ili druge ritmi\u010dne glazbe.<br>Pokreti u breakdance-u djele se na Top Rock (koraci koji se rade u staja\u010dem polo\u017eaju kao kombinacija rada ruku i nogu), Footwork (pokreti se rade na podu, u \u010du\u010de\u0107em polo\u017eaju, gdje su\u00a0noge\u00a0i\u00a0ruke\u00a0na podu.),\u00a0Freezeovi (zaustavljeni plesni pokreti, najcesce se izvode na glavi ili rukama ili kombinacijom obju),\u00a0Power-Moves ( najte\u017ei i najzahtjevniji elementi u break-u, vrlo atleti\u010dni i akrobatski pokreti).<\/p>\n\n\n\n<p><\/p>\n","protected":false},"excerpt":{"rendered":"<p>BREAK (B-Boying, B-Girling) je dinami\u010dan stil uli\u010dnog plesa koji je nastao u New York-u, tijekom 1970-ih kao dio hip-hop kulture plesni stil Hip-Hop-a koji se sastoji od razli\u010ditih koraka, trikova, vje\u0161tina te gimnasti\u010darskih i atleti\u010darskih vje\u017ebi. Uklju\u010duje slo\u017eene pokrete nogama, sna\u017ene akrobacije i stilizirane poze, \u010desto izvedene uz breakbeat ritmove hip-hopa, funka ili druge ritmi\u010dne [&hellip;]<\/p>\n","protected":false},"author":1,"featured_media":0,"parent":0,"menu_order":0,"comment_status":"closed","ping_status":"closed","template":"","meta":{"footnotes":""},"class_list":["post-885","page","type-page","status-publish","hentry"],"blocksy_meta":{"styles_descriptor":{"styles":{"desktop":"","tablet":"","mobile":""},"google_fonts":[],"version":6}},"featured_image_urls_v2":{"full":"","thumbnail":"","medium":"","medium_large":"","large":"","1536x1536":"","2048x2048":"","woocommerce_archive_thumbnail":"","woocommerce_thumbnail":"","woocommerce_single":"","woocommerce_gallery_thumbnail":""},"post_excerpt_stackable_v2":"<p>BREAK (B-Boying, B-Girling) je dinami\u010dan stil uli\u010dnog plesa koji je nastao u New York-u, tijekom 1970-ih kao dio hip-hop kulture plesni stil Hip-Hop-a koji se sastoji od razli\u010ditih koraka, trikova, vje\u0161tina te gimnasti\u010darskih i atleti\u010darskih vje\u017ebi. Uklju\u010duje slo\u017eene pokrete nogama, sna\u017ene akrobacije i stilizirane poze, \u010desto izvedene uz breakbeat ritmove hip-hopa, funka ili druge ritmi\u010dne glazbe.Pokreti u breakdance-u djele se na Top Rock (koraci koji se rade u staja\u010dem polo\u017eaju kao kombinacija rada ruku i nogu), Footwork (pokreti se rade na podu, u \u010du\u010de\u0107em polo\u017eaju, gdje su\u00a0noge\u00a0i\u00a0ruke\u00a0na podu.),\u00a0Freezeovi (zaustavljeni plesni pokreti, najcesce se izvode na glavi ili rukama ili kombinacijom&hellip;<\/p>\n","category_list_v2":"","author_info_v2":{"name":"admin","url":"https:\/\/talenthouse.hr\/index.php\/author\/davidcavarlacic\/"},"comments_num_v2":"0 comments","yoast_head":"<!-- This site is optimized with the Yoast SEO plugin v27.3 - https:\/\/yoast.com\/product\/yoast-seo-wordpress\/ -->\n<title>BREAK - Talenthouse<\/title>\n<meta name=\"robots\" content=\"index, follow, max-snippet:-1, max-image-preview:large, max-video-preview:-1\" \/>\n<link rel=\"canonical\" href=\"https:\/\/talenthouse.hr\/index.php\/break\/\" \/>\n<meta property=\"og:locale\" content=\"hr_HR\" \/>\n<meta property=\"og:type\" content=\"article\" \/>\n<meta property=\"og:title\" content=\"BREAK - Talenthouse\" \/>\n<meta property=\"og:description\" content=\"BREAK (B-Boying, B-Girling) je dinami\u010dan stil uli\u010dnog plesa koji je nastao u New York-u, tijekom 1970-ih kao dio hip-hop kulture plesni stil Hip-Hop-a koji se sastoji od razli\u010ditih koraka, trikova, vje\u0161tina te gimnasti\u010darskih i atleti\u010darskih vje\u017ebi. Uklju\u010duje slo\u017eene pokrete nogama, sna\u017ene akrobacije i stilizirane poze, \u010desto izvedene uz breakbeat ritmove hip-hopa, funka ili druge ritmi\u010dne [&hellip;]\" \/>\n<meta property=\"og:url\" content=\"https:\/\/talenthouse.hr\/index.php\/break\/\" \/>\n<meta property=\"og:site_name\" content=\"Talenthouse\" \/>\n<meta property=\"article:publisher\" content=\"https:\/\/www.facebook.com\/TalentHouse.HRV\/?locale=hr_HR\" \/>\n<meta property=\"article:modified_time\" content=\"2025-01-06T18:00:29+00:00\" \/>\n<meta name=\"twitter:card\" content=\"summary_large_image\" \/>\n<meta name=\"twitter:label1\" content=\"Procijenjeno vrijeme \u010ditanja\" \/>\n\t<meta name=\"twitter:data1\" content=\"1 minuta\" \/>\n<script type=\"application\/ld+json\" class=\"yoast-schema-graph\">{\"@context\":\"https:\\\/\\\/schema.org\",\"@graph\":[{\"@type\":\"WebPage\",\"@id\":\"https:\\\/\\\/talenthouse.hr\\\/index.php\\\/break\\\/\",\"url\":\"https:\\\/\\\/talenthouse.hr\\\/index.php\\\/break\\\/\",\"name\":\"BREAK - Talenthouse\",\"isPartOf\":{\"@id\":\"https:\\\/\\\/talenthouse.hr\\\/#website\"},\"datePublished\":\"2022-05-08T14:10:45+00:00\",\"dateModified\":\"2025-01-06T18:00:29+00:00\",\"breadcrumb\":{\"@id\":\"https:\\\/\\\/talenthouse.hr\\\/index.php\\\/break\\\/#breadcrumb\"},\"inLanguage\":\"hr\",\"potentialAction\":[{\"@type\":\"ReadAction\",\"target\":[\"https:\\\/\\\/talenthouse.hr\\\/index.php\\\/break\\\/\"]}]},{\"@type\":\"BreadcrumbList\",\"@id\":\"https:\\\/\\\/talenthouse.hr\\\/index.php\\\/break\\\/#breadcrumb\",\"itemListElement\":[{\"@type\":\"ListItem\",\"position\":1,\"name\":\"Home\",\"item\":\"https:\\\/\\\/talenthouse.hr\\\/\"},{\"@type\":\"ListItem\",\"position\":2,\"name\":\"BREAK\"}]},{\"@type\":\"WebSite\",\"@id\":\"https:\\\/\\\/talenthouse.hr\\\/#website\",\"url\":\"https:\\\/\\\/talenthouse.hr\\\/\",\"name\":\"Talenthouse.hr\",\"description\":\"Tvoj talent, tvoja strast, tvoja plesna budu\u0107nost.\",\"publisher\":{\"@id\":\"https:\\\/\\\/talenthouse.hr\\\/#organization\"},\"potentialAction\":[{\"@type\":\"SearchAction\",\"target\":{\"@type\":\"EntryPoint\",\"urlTemplate\":\"https:\\\/\\\/talenthouse.hr\\\/?s={search_term_string}\"},\"query-input\":{\"@type\":\"PropertyValueSpecification\",\"valueRequired\":true,\"valueName\":\"search_term_string\"}}],\"inLanguage\":\"hr\"},{\"@type\":\"Organization\",\"@id\":\"https:\\\/\\\/talenthouse.hr\\\/#organization\",\"name\":\"Talenthouse d.o.o\",\"url\":\"https:\\\/\\\/talenthouse.hr\\\/\",\"logo\":{\"@type\":\"ImageObject\",\"inLanguage\":\"hr\",\"@id\":\"https:\\\/\\\/talenthouse.hr\\\/#\\\/schema\\\/logo\\\/image\\\/\",\"url\":\"https:\\\/\\\/talenthouse.hr\\\/wp-content\\\/uploads\\\/2026\\\/02\\\/h.png\",\"contentUrl\":\"https:\\\/\\\/talenthouse.hr\\\/wp-content\\\/uploads\\\/2026\\\/02\\\/h.png\",\"width\":1080,\"height\":1080,\"caption\":\"Talenthouse d.o.o\"},\"image\":{\"@id\":\"https:\\\/\\\/talenthouse.hr\\\/#\\\/schema\\\/logo\\\/image\\\/\"},\"sameAs\":[\"https:\\\/\\\/www.facebook.com\\\/TalentHouse.HRV\\\/?locale=hr_HR\",\"https:\\\/\\\/www.instagram.com\\\/talenthouse.hr\\\/\"]}]}<\/script>\n<!-- \/ Yoast SEO plugin. -->","yoast_head_json":{"title":"BREAK - Talenthouse","robots":{"index":"index","follow":"follow","max-snippet":"max-snippet:-1","max-image-preview":"max-image-preview:large","max-video-preview":"max-video-preview:-1"},"canonical":"https:\/\/talenthouse.hr\/index.php\/break\/","og_locale":"hr_HR","og_type":"article","og_title":"BREAK - Talenthouse","og_description":"BREAK (B-Boying, B-Girling) je dinami\u010dan stil uli\u010dnog plesa koji je nastao u New York-u, tijekom 1970-ih kao dio hip-hop kulture plesni stil Hip-Hop-a koji se sastoji od razli\u010ditih koraka, trikova, vje\u0161tina te gimnasti\u010darskih i atleti\u010darskih vje\u017ebi. Uklju\u010duje slo\u017eene pokrete nogama, sna\u017ene akrobacije i stilizirane poze, \u010desto izvedene uz breakbeat ritmove hip-hopa, funka ili druge ritmi\u010dne [&hellip;]","og_url":"https:\/\/talenthouse.hr\/index.php\/break\/","og_site_name":"Talenthouse","article_publisher":"https:\/\/www.facebook.com\/TalentHouse.HRV\/?locale=hr_HR","article_modified_time":"2025-01-06T18:00:29+00:00","twitter_card":"summary_large_image","twitter_misc":{"Procijenjeno vrijeme \u010ditanja":"1 minuta"},"schema":{"@context":"https:\/\/schema.org","@graph":[{"@type":"WebPage","@id":"https:\/\/talenthouse.hr\/index.php\/break\/","url":"https:\/\/talenthouse.hr\/index.php\/break\/","name":"BREAK - Talenthouse","isPartOf":{"@id":"https:\/\/talenthouse.hr\/#website"},"datePublished":"2022-05-08T14:10:45+00:00","dateModified":"2025-01-06T18:00:29+00:00","breadcrumb":{"@id":"https:\/\/talenthouse.hr\/index.php\/break\/#breadcrumb"},"inLanguage":"hr","potentialAction":[{"@type":"ReadAction","target":["https:\/\/talenthouse.hr\/index.php\/break\/"]}]},{"@type":"BreadcrumbList","@id":"https:\/\/talenthouse.hr\/index.php\/break\/#breadcrumb","itemListElement":[{"@type":"ListItem","position":1,"name":"Home","item":"https:\/\/talenthouse.hr\/"},{"@type":"ListItem","position":2,"name":"BREAK"}]},{"@type":"WebSite","@id":"https:\/\/talenthouse.hr\/#website","url":"https:\/\/talenthouse.hr\/","name":"Talenthouse.hr","description":"Tvoj talent, tvoja strast, tvoja plesna budu\u0107nost.","publisher":{"@id":"https:\/\/talenthouse.hr\/#organization"},"potentialAction":[{"@type":"SearchAction","target":{"@type":"EntryPoint","urlTemplate":"https:\/\/talenthouse.hr\/?s={search_term_string}"},"query-input":{"@type":"PropertyValueSpecification","valueRequired":true,"valueName":"search_term_string"}}],"inLanguage":"hr"},{"@type":"Organization","@id":"https:\/\/talenthouse.hr\/#organization","name":"Talenthouse d.o.o","url":"https:\/\/talenthouse.hr\/","logo":{"@type":"ImageObject","inLanguage":"hr","@id":"https:\/\/talenthouse.hr\/#\/schema\/logo\/image\/","url":"https:\/\/talenthouse.hr\/wp-content\/uploads\/2026\/02\/h.png","contentUrl":"https:\/\/talenthouse.hr\/wp-content\/uploads\/2026\/02\/h.png","width":1080,"height":1080,"caption":"Talenthouse d.o.o"},"image":{"@id":"https:\/\/talenthouse.hr\/#\/schema\/logo\/image\/"},"sameAs":["https:\/\/www.facebook.com\/TalentHouse.HRV\/?locale=hr_HR","https:\/\/www.instagram.com\/talenthouse.hr\/"]}]}},"_links":{"self":[{"href":"https:\/\/talenthouse.hr\/index.php\/wp-json\/wp\/v2\/pages\/885","targetHints":{"allow":["GET"]}}],"collection":[{"href":"https:\/\/talenthouse.hr\/index.php\/wp-json\/wp\/v2\/pages"}],"about":[{"href":"https:\/\/talenthouse.hr\/index.php\/wp-json\/wp\/v2\/types\/page"}],"author":[{"embeddable":true,"href":"https:\/\/talenthouse.hr\/index.php\/wp-json\/wp\/v2\/users\/1"}],"replies":[{"embeddable":true,"href":"https:\/\/talenthouse.hr\/index.php\/wp-json\/wp\/v2\/comments?post=885"}],"version-history":[{"count":7,"href":"https:\/\/talenthouse.hr\/index.php\/wp-json\/wp\/v2\/pages\/885\/revisions"}],"predecessor-version":[{"id":1617,"href":"https:\/\/talenthouse.hr\/index.php\/wp-json\/wp\/v2\/pages\/885\/revisions\/1617"}],"wp:attachment":[{"href":"https:\/\/talenthouse.hr\/index.php\/wp-json\/wp\/v2\/media?parent=885"}],"curies":[{"name":"wp","href":"https:\/\/api.w.org\/{rel}","templated":true}]}}